{"id":216,"date":"2012-01-04T09:02:54","date_gmt":"2012-01-04T09:02:54","guid":{"rendered":"http:\/\/website.aphnl.com\/?page_id=216"},"modified":"2016-03-15T08:36:04","modified_gmt":"2016-03-15T08:36:04","slug":"om-os","status":"publish","type":"page","link":"https:\/\/www.aphnl.com\/?page_id=216","title":{"rendered":"Om os"},"content":{"rendered":"<p><span style=\"color: #00ff00;\">V\u00e5rt n\u00e4tverk av erfarna ink\u00f6pare ger oss ett kontinuerligt fl\u00f6de av information och erbjudanden fr\u00e5n de holl\u00e4ndska v\u00e4rldsledande auktionerna. Dina \u00f6nskem\u00e5l och krav hj\u00e4lper oss vidare att k\u00f6pa in just de blommorna du beh\u00f6ver, i r\u00e4tt kvalitet, till r\u00e4tt pris, vid r\u00e4tt tillf\u00e4lle. V\u00e4lj och vraka bland de olika m\u00f6jligheterna.<\/span><\/p>\n<p><span style=\"color: #00ff00;\"> <strong>Buketter<\/strong>: Fr\u00e5n s\u00e4ljf\u00e4rdiga monobuketter till handbundna lyxbuketter. Vi v\u00e5gar oss p\u00e5 att s\u00e4ga att det \u00e4r v\u00e5r specialitet.<\/span><\/p>\n<p><span style=\"color: #00ff00;\"> <strong>Bulk<\/strong>: Stora partier med f\u00e5, enkla, specificeringar. Mycket blommor till lite pengar och l\u00e5g fraktkostnad. <\/span><\/p>\n<p><span style=\"color: #00ff00;\"><strong>Klipp<\/strong>: Partier som kostar mindre \u00e4n ig\u00e5r eller imorgon. Vi delger dig informationen live. Du har bara att sl\u00e5 till.<\/span><\/p>\n<p><span style=\"color: #00ff00;\"> <strong>Rutin<\/strong>: Lite av varje av det vardagliga, vanliga, sortimentet, med omsorg. <\/span><\/p>\n<p><span style=\"color: #00ff00;\"><strong>Specialare<\/strong>: En speciell blomma till ett speciellt tillf\u00e4lle \u00e4r ofta lika viktigt som en hel lastbil med blommor. Vi fattar det. Skicklig och erfaren personal ger sen den extra touch p\u00e5 varorna som beh\u00f6vs f\u00f6r att de skall passa just din verksamhet.<\/span><\/p>\n<p><span style=\"color: #00ff00;\"> <strong>Spara tid!<\/strong>\u00a0\u00a0Via v\u00e5r <a style=\"color: #00ff00;\" href=\"http:\/\/www.aph.se\/sv-SE\/aph-holland\/webshop-20128381\">webshop<\/a> kan du best\u00e4lla direkt det du beh\u00f6ver n\u00e4r det b\u00e4st passar dig. <\/span><\/p>\n<p>&nbsp;<\/p>\n<p><span style=\"color: #00ff00;\"><strong>Intresserad?<\/strong> <\/span><\/p>\n<p><span style=\"color: #00ff00;\">Sl\u00e5 en signal eller maila. <\/span><\/p>\n<p><span style=\"color: #3366ff;\"><span style=\"color: #00ff00;\">Kontakt: Tel. +31 297-385370<\/span> <\/span><\/p>\n<p><span style=\"color: #00ff00;\">Fax +31 297-325967<\/span><\/p>\n<p><a href=\"mailto:johan@aphnl.com\">johan@aphnl.com<\/a><\/p>\n","protected":false},"excerpt":{"rendered":"<p>V\u00e5rt n\u00e4tverk av erfarna ink\u00f6pare ger oss ett kontinuerligt fl\u00f6de av information och erbjudanden fr\u00e5n de holl\u00e4ndska v\u00e4rldsledande auktionerna. Dina \u00f6nskem\u00e5l och krav hj\u00e4lper oss vidare att k\u00f6pa in just de blommorna du beh\u00f6ver, i r\u00e4tt kvalitet, till r\u00e4tt pris, vid r\u00e4tt tillf\u00e4lle. V\u00e4lj och vraka bland de olika m\u00f6jligheterna. Buketter: Fr\u00e5n s\u00e4ljf\u00e4rdiga monobuketter till [&hellip;]<\/p>\n","protected":false},"author":1,"featured_media":0,"parent":0,"menu_order":0,"comment_status":"open","ping_status":"open","template":"","meta":[],"_links":{"self":[{"href":"https:\/\/www.aphnl.com\/index.php?rest_route=\/wp\/v2\/pages\/216"}],"collection":[{"href":"https:\/\/www.aphnl.com\/index.php?rest_route=\/wp\/v2\/pages"}],"about":[{"href":"https:\/\/www.aphnl.com\/index.php?rest_route=\/wp\/v2\/types\/page"}],"author":[{"embeddable":true,"href":"https:\/\/www.aphnl.com\/index.php?rest_route=\/wp\/v2\/users\/1"}],"replies":[{"embeddable":true,"href":"https:\/\/www.aphnl.com\/index.php?rest_route=%2Fwp%2Fv2%2Fcomments&post=216"}],"version-history":[{"count":3,"href":"https:\/\/www.aphnl.com\/index.php?rest_route=\/wp\/v2\/pages\/216\/revisions"}],"predecessor-version":[{"id":301,"href":"https:\/\/www.aphnl.com\/index.php?rest_route=\/wp\/v2\/pages\/216\/revisions\/301"}],"wp:attachment":[{"href":"https:\/\/www.aphnl.com\/index.php?rest_route=%2Fwp%2Fv2%2Fmedia&parent=216"}],"curies":[{"name":"wp","href":"https:\/\/api.w.org\/{rel}","templated":true}]}}