{"id":223,"date":"2012-01-04T09:07:56","date_gmt":"2012-01-04T09:07:56","guid":{"rendered":"http:\/\/website.aphnl.com\/?page_id=223"},"modified":"2012-01-04T09:07:56","modified_gmt":"2012-01-04T09:07:56","slug":"certifikater","status":"publish","type":"page","link":"https:\/\/www.aphnl.com\/?page_id=223","title":{"rendered":"Sertifikater"},"content":{"rendered":"<p><span style=\"color: #00ff00;\">Etiska &amp; Milj\u00f6<\/span><br \/>\n<span style=\"color: #00ff00;\"> APH syftar till att bidra till en b\u00e4ttre vardag f\u00f6r alla delar \u00e4r inblandade i processen att kommersialisera f\u00e4rska snittblommor. Vi tror p\u00e5 l\u00e5ngsiktiga aff\u00e4rsrelationer med leverant\u00f6rer som \u00e4r verksamma i full \u00f6verensst\u00e4mmelse med de grundl\u00e4ggande m\u00e4nskliga r\u00e4ttigheterna, samt f\u00f6r samma moraliska och etiska v\u00e4rderingar som vi l\u00e4gga s\u00e5 stor vikt sj\u00e4lva.<\/span><br \/>\n<span style=\"color: #00ff00;\"> Vidare relationen med v\u00e5ra leverant\u00f6rer \u00e4r en gemensam anstr\u00e4ngning genom aktiv medvetenhet och val i riktning mot milj\u00f6v\u00e4nlig produktion, f\u00f6r att minimera negativa konsekvenser som producerar blommor annars kan generera. Detta \u00e4r en l\u00e5ng, ibland sv\u00e5ra och kr\u00e4vande procedur, men resultatet \u00e4r v\u00e5r gemensamma framtid.<\/span><\/p>\n<p><span style=\"color: #00ff00;\">Ink\u00f6p &amp; Supply<\/span><br \/>\n<span style=\"color: #00ff00;\"> I samband med dessa ambitioner \u00e4r valet av leverant\u00f6rer ett stort ansvar. V\u00e5r aff\u00e4rsid\u00e9 \u00e4r att minska on\u00f6diga l\u00e4nkar i dustribution kedjan. D\u00e4rf\u00f6r \u00e4r de flesta av v\u00e5ra ink\u00f6p sker direkt fr\u00e5n odlaren. N\u00e4r accesing den \u00f6ppna marknaden, ser vi till v\u00e5r intermadiate har samma krav mot sina leverant\u00f6rer om etiska och milj\u00f6m\u00e4ssiga fr\u00e5gor, som vi har p\u00e5 v\u00e5rt. Alla v\u00e5ra leverant\u00f6rer \u00e4r skyldiga att garantera att de fungerar i fr\u00e5ga om f\u00f6ljande requiments om anst\u00e4llningar standarder. Barnarbete. Syssels\u00e4ttning av arbetstagare m\u00e5ste uppfylla till\u00e4mpliga r\u00e4ttsliga minimi\u00e5lder, krav p\u00e5 sina Contry eller minst 15 \u00e5rs \u00e5lder. Tv\u00e5ngsarbete. Inga tv\u00e5ngsarbete i n\u00e5gon form kan anv\u00e4ndas. Diskriminering och trakasserier. Ingen anst\u00e4lld av APH supplieers skall vara f\u00f6rem\u00e5l f\u00f6r diskriminering p\u00e5 arbetsplatsen, trakasserier eller \u00f6vergrepp. H\u00e4lsa och s\u00e4kerhet. Leverant\u00f6rerna m\u00e5ste f\u00f6lja alla till\u00e4mpliga lagar om tillhandah\u00e5llande av en s\u00e4ker, hygienisk och h\u00e4lsosam arbetsmilj\u00f6, f\u00f6rebygga arbetsskador och sjukdomar och anst\u00e4llda tr\u00e4na att anv\u00e4nda s\u00e4ker arbetsplats praxis. Freedon bolagsordningen. Arbetsgivare skall erk\u00e4nna och respektera de anst\u00e4lldas r\u00e4tt till f\u00f6reningsfrihet och kollektiva f\u00f6rhandlingar. Anst\u00e4llningsvillkor. L\u00f6ner och f\u00f6rm\u00e5ner m\u00e5ste uppfylla krav p\u00e5 lokal lagstiftning. Dessa krav \u00e4r baserade p\u00e5 FN-och ILO-konventioner.<\/span><\/p>\n<p><span style=\"color: #00ff00;\">Certifieringar<\/span><br \/>\n<span style=\"color: #00ff00;\"> \u00c5r 2006 APH ans\u00f6kt om medlemskap med FFP &#8211; Fair Flowers Fair Plants &#8211; ett internationellt varum\u00e4rke som garanterar respekt f\u00f6r etiska och milj\u00f6fr\u00e5gor i hela distributionskedjan, fr\u00e5n odlaren till konsumenten. Parallellt med detta var vi accepterat som en licensinnehavare av R\u00e4ttvisem\u00e4rkt \/ Fair Trade i b\u00f6rjan av 2007. D\u00e4refter f\u00f6r Alla hj\u00e4rtans dag 2007, var APH ett av de f\u00f6rsta f\u00f6retagen i v\u00e4rlden att kommersialisera FFP m\u00e4rkta blommor, samt en av f\u00e5 i Sverige att leverera Fair Trade \/ R\u00e4ttvisem\u00e4rkt m\u00e4rkta rosor. Leverant\u00f6rer till APH \u00e4r certifierade av minst en av f\u00f6ljande organisationer som vi har hittat delar v\u00e5ra ambitioner i viktiga fr\u00e5gor.<\/span><\/p>\n<p><span style=\"color: #00ff00;\">MPS<\/span><br \/>\n<span style=\"color: #00ff00;\"> MPS, milieuplan siertelt. initialt en holl\u00e4ndsk organisation med syfte att kontrollera att plantager v\u00e4rlden \u00f6ver f\u00f6lja modellen av etablerade europeiska lagar och regler f\u00f6r anv\u00e4ndning av bek\u00e4mpningsmedel, konstg\u00f6dsel, energik\u00e4llor, vatten och avfall.<\/span><br \/>\n<span style=\"color: #00ff00;\"> MPS har vidare en social certifiering om att minimil\u00f6ner och regler f\u00f6r arbetsvillkoren \u00e4r uppfyllda.<\/span><br \/>\n<span style=\"color: #00ff00;\"> www.my-mps.com<\/span><\/p>\n<p><span style=\"color: #00ff00;\">FLP<\/span><br \/>\n<span style=\"color: #00ff00;\"> Blomman programmet. En tysk program med fokus p\u00e5 odlare konsument certifiering som missbrukare till kriterier som fastst\u00e4llts av pr\u00e4sterliga organisationer och fackf\u00f6reningar arbetare.<\/span><br \/>\n<span style=\"color: #00ff00;\"> www.flower-label-program.com<\/span><\/p>\n<p><span style=\"color: #00ff00;\">KFC<\/span><br \/>\n<span style=\"color: #00ff00;\"> Kenya Flower r\u00e5det. En nationell certifiering med samma kriterier som MPS och FLP, men med en allvarligare ans\u00f6kan.<\/span><br \/>\n<span style=\"color: #00ff00;\"> www.kenyaflowers.co.ke<\/span><\/p>\n<p><span style=\"color: #00ff00;\">Flore Verde<\/span><br \/>\n<span style=\"color: #00ff00;\"> www.colombianflowers.com<\/span><\/p>\n<p><span style=\"color: #00ff00;\">BRO<\/span><br \/>\n<span style=\"color: #00ff00;\"> BRO certifieringen omfattar de ovan listade erk\u00e4nda och h\u00f6gt respekterade organisationer f\u00f6r certifiering av todays blomma industrin. M\u00e5let \u00e4r att utveckla en standard f\u00f6r kriterier, under ett varum\u00e4rke, och g\u00f6ra det l\u00e4ttare att styra producenter av blommor \u00f6verallt i v\u00e4rlden.<\/span><br \/>\n<span style=\"color: #00ff00;\"> www.bro-cert.se<\/span><br \/>\n<span style=\"color: #00ff00;\"> BRO kommer snart att ers\u00e4ttas av &#8230;<\/span><\/p>\n<p><span style=\"color: #00ff00;\">FFP &#8211; Fair Flowers Fair Plants<\/span><br \/>\n<span style=\"color: #00ff00;\"> International Consumer m\u00e4rkning. Ett nytt internationellt initiativ f\u00f6r att stimulera produktion och f\u00f6rs\u00e4ljning av blommor och v\u00e4xter cultivaded p\u00e5 ett substainable s\u00e4tt. Blommor som presenteras f\u00f6r konsumenterna under m\u00e4rket FFP odlas p\u00e5 ett s\u00e4tt som respekterar m\u00e4nniskor och invironment.<\/span><br \/>\n<span style=\"color: #00ff00;\"> www.fairflowersfairplants.com<\/span><br \/>\n<span style=\"color: #00ff00;\"> FFP accepterar som merbers alla certifieringsorgan som uppfyller samma FFP standardkraven FFP sig inte certifiera och producenter. F\u00f6ljande certifiering organisationer, en del f\u00f6r n\u00e4rvarande under BRO paraply, har ans\u00f6kt om medlemskap i FFP:<\/span><br \/>\n<span style=\"color: #00ff00;\"> Flor Verde, Colombia<\/span><br \/>\n<span style=\"color: #00ff00;\"> Flor Ecuador<\/span><br \/>\n<span style=\"color: #00ff00;\"> KFC, Kenya<\/span><br \/>\n<span style=\"color: #00ff00;\"> MPS, International<\/span><br \/>\n<span style=\"color: #00ff00;\"> Vissa FLP-producenter<\/span><\/p>\n<p><span style=\"color: #00ff00;\">Fair Trade \/ R\u00e4ttvisem\u00e4rkt<\/span><br \/>\n<span style=\"color: #00ff00;\"> Kriterierna \u00e4r baserade p\u00e5 FN: s deklaration om m\u00e4nskliga r\u00e4ttigheter samt de grundl\u00e4ggande ILO-konventioner. Tanken \u00e4r att s\u00e4kerst\u00e4lla en stabil bas f\u00f6r utveckling f\u00f6r b\u00e5de odlare och empoyees genom att garantera en r\u00e4ttvis minimipris f\u00f6r produkten och furtherlooking relationer, f\u00f6r att undvika att v\u00e4rldsmarknadspriserna villkor st\u00f6ra n\u00e4mnda kriterier.<\/span><br \/>\n<span style=\"color: #00ff00;\"> www.rattvisemarkt.se<\/span><\/p>\n<p><span style=\"color: #00ff00;\">Styr &amp; Uppf\u00f6ljning<\/span><br \/>\n<span style=\"color: #00ff00;\"> Styrenheter fr\u00e5n alla dessa organisationer och oberoende inspekt\u00f6rer regelbundet bes\u00f6ker producenter. Deras bes\u00f6k ing\u00e5r \u00e4ven insamling av viktig information som hj\u00e4lper att f\u00f6rst\u00e5 changements och problemst\u00e4llningar. APH hj\u00e4lper och uppr\u00e4tth\u00e5ller leverant\u00f6rerna i projektet f\u00f6r att g\u00f6ra v\u00e5ra \u00e5taganden florish i praktiska resultat i form av sociala och milj\u00f6m\u00e4ssiga f\u00f6rb\u00e4ttringar. N\u00e4r vi g\u00f6r den punkt att skapa de grundl\u00e4ggande f\u00f6ruts\u00e4ttningarna f\u00f6r v\u00e5rt framtida samarbete med v\u00e5ra leverant\u00f6rer, \u00e4r moraliska och etiska aspekter tas i s\u00e5 h\u00f6g ers\u00e4ttning som t.ex. sortiment och logistik. Detta \u00e4r en stor utmaning, anledning till varf\u00f6r vi arbetar fram en plan tillsammans p\u00e5 hur man mer fram\u00e5t p\u00e5 ett s\u00e4tt d\u00e4r varje steg r\u00e4knas.<\/span><\/p>\n<p><span style=\"color: #00ff00;\">Conslusion<\/span><br \/>\n<span style=\"color: #00ff00;\"> Kenya \u00e4r ett Contry som lider av plurious sv\u00e5righeter, aids, malaria, korruption och en arbetsl\u00f6shet h\u00f6gre \u00e4n 50%. Informera v\u00e5ra konsumenter om dessa villkor och uppmuntra dem att k\u00f6pa kenyanska rosor kommer att bidra aktivt f\u00f6r att hj\u00e4lpa ett land som mest av allt beh\u00f6ver jobb och int\u00e4kter. Blomman branschen ses av det kenyanska folket som en Greate chans mot en b\u00e4ttre framtid. utan tvekan APH kan g\u00f6ra n\u00e5got f\u00f6r att g\u00f6ra som furure komma n\u00e4rmare.<\/span><br \/>\n<span style=\"color: #00ff00;\"> Detta Ehical &amp; Milj\u00f6 uppf\u00f6randekod har elaboraded 2007 med tha komplett st\u00f6d av styrelse f\u00f6r APH.<\/span><\/p>\n","protected":false},"excerpt":{"rendered":"<p>Etiska &amp; Milj\u00f6 APH syftar till att bidra till en b\u00e4ttre vardag f\u00f6r alla delar \u00e4r inblandade i processen att kommersialisera f\u00e4rska snittblommor. Vi tror p\u00e5 l\u00e5ngsiktiga aff\u00e4rsrelationer med leverant\u00f6rer som \u00e4r verksamma i full \u00f6verensst\u00e4mmelse med de grundl\u00e4ggande m\u00e4nskliga r\u00e4ttigheterna, samt f\u00f6r samma moraliska och etiska v\u00e4rderingar som vi l\u00e4gga s\u00e5 stor vikt sj\u00e4lva. [&hellip;]<\/p>\n","protected":false},"author":1,"featured_media":0,"parent":0,"menu_order":0,"comment_status":"open","ping_status":"open","template":"","meta":[],"_links":{"self":[{"href":"https:\/\/www.aphnl.com\/index.php?rest_route=\/wp\/v2\/pages\/223"}],"collection":[{"href":"https:\/\/www.aphnl.com\/index.php?rest_route=\/wp\/v2\/pages"}],"about":[{"href":"https:\/\/www.aphnl.com\/index.php?rest_route=\/wp\/v2\/types\/page"}],"author":[{"embeddable":true,"href":"https:\/\/www.aphnl.com\/index.php?rest_route=\/wp\/v2\/users\/1"}],"replies":[{"embeddable":true,"href":"https:\/\/www.aphnl.com\/index.php?rest_route=%2Fwp%2Fv2%2Fcomments&post=223"}],"version-history":[{"count":0,"href":"https:\/\/www.aphnl.com\/index.php?rest_route=\/wp\/v2\/pages\/223\/revisions"}],"wp:attachment":[{"href":"https:\/\/www.aphnl.com\/index.php?rest_route=%2Fwp%2Fv2%2Fmedia&parent=223"}],"curies":[{"name":"wp","href":"https:\/\/api.w.org\/{rel}","templated":true}]}}