{"id":251,"date":"2012-01-04T10:25:55","date_gmt":"2012-01-04T10:25:55","guid":{"rendered":"http:\/\/website.aphnl.com\/?page_id=251"},"modified":"2016-03-15T08:44:57","modified_gmt":"2016-03-15T08:44:57","slug":"home-3","status":"publish","type":"page","link":"https:\/\/www.aphnl.com\/?page_id=251","title":{"rendered":"Start"},"content":{"rendered":"<p><span style=\"color: #00ff00;\">Holland. V\u00e4rldens st\u00f6rsta blomstermarknad. APH har funnits h\u00e4r sedan 1971. <\/span><\/p>\n<p><span style=\"color: #00ff00;\">H\u00e4r finner du ett komplett sortiment och en stadig tillf\u00f6rsel av de b\u00e4sta, fr\u00e4schaste, vackraste och mest popul\u00e4ra blommorna, som finner sin v\u00e4g ut p\u00e5 marknaden.<\/span><\/p>\n<p><span style=\"color: #00ff00;\">.<\/span><\/p>\n<table width=\"712\" cellspacing=\"0\" cellpadding=\"0\"><!-- MSTableType=\"layout\" --><\/p>\n<tbody>\n<tr>\n<td colspan=\"4\" valign=\"top\" height=\"33\"><img loading=\"lazy\" src=\"..\/..\/wp-content\/themes\/theme1072\/images\/popular.jpg\" alt=\"\" width=\"716\" height=\"34\" border=\"0\" \/><\/td>\n<\/tr>\n<tr>\n<td valign=\"top\" width=\"178\"><img loading=\"lazy\" src=\"..\/..\/wp-content\/themes\/theme1072\/images\/1page_img3.jpg\" alt=\"\" width=\"170\" height=\"149\" border=\"0\" \/><\/td>\n<td valign=\"top\" width=\"178\"><img loading=\"lazy\" src=\"..\/..\/wp-content\/themes\/theme1072\/images\/1page_img4.jpg\" alt=\"\" width=\"170\" height=\"149\" border=\"0\" \/><\/td>\n<td valign=\"top\" width=\"178\"><img loading=\"lazy\" src=\"..\/..\/wp-content\/themes\/theme1072\/images\/1page_img5.jpg\" alt=\"\" width=\"170\" height=\"149\" border=\"0\" \/><\/td>\n<td valign=\"top\" width=\"178\" height=\"226\"><img loading=\"lazy\" src=\"..\/..\/wp-content\/themes\/theme1072\/images\/1page_img6.jpg\" alt=\"\" width=\"170\" height=\"149\" border=\"0\" \/><\/td>\n<\/tr>\n<\/tbody>\n<\/table>\n<p>&nbsp;<\/p>\n","protected":false},"excerpt":{"rendered":"<p>Holland. V\u00e4rldens st\u00f6rsta blomstermarknad. APH har funnits h\u00e4r sedan 1971. H\u00e4r finner du ett komplett sortiment och en stadig tillf\u00f6rsel av de b\u00e4sta, fr\u00e4schaste, vackraste och mest popul\u00e4ra blommorna, som finner sin v\u00e4g ut p\u00e5 marknaden. . &nbsp;<\/p>\n","protected":false},"author":1,"featured_media":0,"parent":0,"menu_order":0,"comment_status":"open","ping_status":"open","template":"","meta":[],"_links":{"self":[{"href":"https:\/\/www.aphnl.com\/index.php?rest_route=\/wp\/v2\/pages\/251"}],"collection":[{"href":"https:\/\/www.aphnl.com\/index.php?rest_route=\/wp\/v2\/pages"}],"about":[{"href":"https:\/\/www.aphnl.com\/index.php?rest_route=\/wp\/v2\/types\/page"}],"author":[{"embeddable":true,"href":"https:\/\/www.aphnl.com\/index.php?rest_route=\/wp\/v2\/users\/1"}],"replies":[{"embeddable":true,"href":"https:\/\/www.aphnl.com\/index.php?rest_route=%2Fwp%2Fv2%2Fcomments&post=251"}],"version-history":[{"count":2,"href":"https:\/\/www.aphnl.com\/index.php?rest_route=\/wp\/v2\/pages\/251\/revisions"}],"predecessor-version":[{"id":302,"href":"https:\/\/www.aphnl.com\/index.php?rest_route=\/wp\/v2\/pages\/251\/revisions\/302"}],"wp:attachment":[{"href":"https:\/\/www.aphnl.com\/index.php?rest_route=%2Fwp%2Fv2%2Fmedia&parent=251"}],"curies":[{"name":"wp","href":"https:\/\/api.w.org\/{rel}","templated":true}]}}