{"id":268,"date":"2012-01-04T10:45:09","date_gmt":"2012-01-04T10:45:09","guid":{"rendered":"http:\/\/website.aphnl.com\/?page_id=268"},"modified":"2012-01-04T10:45:09","modified_gmt":"2012-01-04T10:45:09","slug":"268-2","status":"publish","type":"page","link":"https:\/\/www.aphnl.com\/?page_id=268","title":{"rendered":"Historia"},"content":{"rendered":"<p><span style=\"color: #00ff00;\"><strong>Anders Perssons Handelstr\u00e4dg\u00e5rd<\/strong><\/span><br \/>\n<span style=\"color: #00ff00;\"> Fr\u00e5n Anders Perssons Handelstr\u00e4dg\u00e5rd till ledande import\u00f6r<\/span><br \/>\n<span style=\"color: #00ff00;\"> APH \u00e4r initialerna i Anders Perssons Handelstr\u00e4dg\u00e5rd. Anders och Johanna startade f\u00f6retaget \u00e5r 1899 och odlade b\u00e5de frukt, gr\u00f6nsaker och blommor. Deras dotter Olga tog s\u00e5 sm\u00e5ningom \u00f6ver r\u00f6relsen tillsammans med sin make Bertil Muhr. Bertil och Olga fick i sin tur tre barn &#8211; Carl-Anders, Britt-Marie och Gun-Britt.<\/span><\/p>\n<p><span style=\"color: #00ff00;\"><strong>Ett avg\u00f6rande beslut<\/strong><\/span><br \/>\n<span style=\"color: #00ff00;\"> I b\u00f6rjan p\u00e5 50-talet \u00f6vertalades Carl-Anders att bli delaktig i APH. Carl-Anders sprudlade av id\u00e9er och f\u00f6retaget v\u00e4xte till en storproducent av nejlikor, tulpaner och andra snittblommor. Efter hand b\u00f6rjade han importera blommor fr\u00e5n Holland och Italien under de m\u00e5nader av \u00e5ret d\u00e5 den svenska produktionen inte r\u00e4ckte till. Det blev startskottet till den importverksamhet som idag \u00e4r stommen i APH. Efter oljekrisen i b\u00f6rjan p\u00e5 70-talet blev den svenska odlingen ol\u00f6nsam och lades ned. Med sina tre s\u00f6ner strategiskt utplacerade i olika l\u00e4nder i Europa startade Carl-Anders APH i Sverige, Holland och Italien.<\/span><\/p>\n<p><span style=\"color: #00ff00;\"><strong>Fj\u00e4rde generationen sedan \u00e5r 1899<\/strong><\/span><br \/>\n<span style=\"color: #00ff00;\"> \u00c5r 1976 s\u00e5ddes fr\u00f6et till dagens APH Svenska AB med import av snittblommor som huvudsaklig uppgift. De kommande tv\u00e5 \u00e5ren satt Carl-Anders och hans s\u00f6ner Johan, Christian och Fredrik oftast bakom ratten p\u00e5 f\u00f6retagets lastbilar. Blommor k\u00f6rdes fr\u00e5n Italien via Holland till grossister i Sverige. \u00c5r 1978 flyttade f\u00f6retaget in i sina f\u00f6rsta egna lokaler i Blomsterhallen i Oxie. R\u00f6relsen ut\u00f6kades successivt. Anders och Peter gjorde debut i APH och \u00e4r fortfarande f\u00f6retagets st\u00f6ttepelare.<\/span><\/p>\n<p><span style=\"color: #00ff00;\"><strong>Ledande import\u00f6r och expansion<\/strong><\/span><br \/>\n<span style=\"color: #00ff00;\"> APH blev under nittiotalet Sveriges ledande import\u00f6r av snittblommor med en bred, stor och skiftande kundkrets. I slutet av nittiotalet \u00f6vertogs grossistf\u00f6retagen i Oxie, V\u00e4ster\u00e5s och G\u00e4vle. Idag ing\u00e5r de i koncernen APH under namnet Blomstergrossisten. Blomstergrossisten \u00e4r ett komplement till \u00f6vriga bolagen och riktar sig till de detaljister som vill k\u00f6pa sina varor via internet.<\/span><br \/>\n<span style=\"color: #00ff00;\"> Sommaren 2008 flyttade APH fr\u00e5n lokalerna i Oxie, till en nybyggd och modern anl\u00e4ggning p\u00e5 Sten\u00e5ldersgatan i Malm\u00f6.<\/span><\/p>\n<p><span style=\"color: #00ff00;\">Kontakt:<\/span><br \/>\n<span style=\"color: #00ff00;\"> +31 297 385370<\/span><br \/>\n<span style=\"color: #00ff00;\"> <a href=\"mailto:johan@aphnl.com\">johan@aphnl.com<\/a><\/span><\/p>\n","protected":false},"excerpt":{"rendered":"<p>Anders Perssons Handelstr\u00e4dg\u00e5rd Fr\u00e5n Anders Perssons Handelstr\u00e4dg\u00e5rd till ledande import\u00f6r APH \u00e4r initialerna i Anders Perssons Handelstr\u00e4dg\u00e5rd. Anders och Johanna startade f\u00f6retaget \u00e5r 1899 och odlade b\u00e5de frukt, gr\u00f6nsaker och blommor. Deras dotter Olga tog s\u00e5 sm\u00e5ningom \u00f6ver r\u00f6relsen tillsammans med sin make Bertil Muhr. Bertil och Olga fick i sin tur tre barn &#8211; [&hellip;]<\/p>\n","protected":false},"author":1,"featured_media":0,"parent":0,"menu_order":0,"comment_status":"open","ping_status":"open","template":"","meta":[],"_links":{"self":[{"href":"https:\/\/www.aphnl.com\/index.php?rest_route=\/wp\/v2\/pages\/268"}],"collection":[{"href":"https:\/\/www.aphnl.com\/index.php?rest_route=\/wp\/v2\/pages"}],"about":[{"href":"https:\/\/www.aphnl.com\/index.php?rest_route=\/wp\/v2\/types\/page"}],"author":[{"embeddable":true,"href":"https:\/\/www.aphnl.com\/index.php?rest_route=\/wp\/v2\/users\/1"}],"replies":[{"embeddable":true,"href":"https:\/\/www.aphnl.com\/index.php?rest_route=%2Fwp%2Fv2%2Fcomments&post=268"}],"version-history":[{"count":0,"href":"https:\/\/www.aphnl.com\/index.php?rest_route=\/wp\/v2\/pages\/268\/revisions"}],"wp:attachment":[{"href":"https:\/\/www.aphnl.com\/index.php?rest_route=%2Fwp%2Fv2%2Fmedia&parent=268"}],"curies":[{"name":"wp","href":"https:\/\/api.w.org\/{rel}","templated":true}]}}